{"id":503,"date":"2019-09-24T09:58:31","date_gmt":"2019-09-24T07:58:31","guid":{"rendered":"https:\/\/www.nasuite.hu\/?page_id=503"},"modified":"2019-09-30T10:59:08","modified_gmt":"2019-09-30T08:59:08","slug":"adatfeltoltes","status":"publish","type":"page","link":"https:\/\/www.nasuite.hu\/index.php\/szolgaltatasaink\/adatfeltoltes\/","title":{"rendered":"Adatfelt\u00f6lt\u00e9s"},"content":{"rendered":"\t\t<div data-elementor-type=\"wp-page\" data-elementor-id=\"503\" class=\"elementor elementor-503\">\n\t\t\t\t\t\t\t\t\t<section class=\"elementor-section elementor-top-section elementor-element elementor-element-6b5a948 elementor-section-boxed elementor-section-height-default elementor-section-height-default\" data-id=\"6b5a948\" data-element_type=\"section\">\n\t\t\t\t\t\t<div class=\"elementor-container elementor-column-gap-default\">\n\t\t\t\t\t<div class=\"elementor-column elementor-col-100 elementor-top-column elementor-element elementor-element-dfa4653\" data-id=\"dfa4653\" data-element_type=\"column\">\n\t\t\t<div class=\"elementor-widget-wrap elementor-element-populated\">\n\t\t\t\t\t\t\t\t<div class=\"elementor-element elementor-element-876f386 elementor-widget elementor-widget-heading\" data-id=\"876f386\" data-element_type=\"widget\" data-widget_type=\"heading.default\">\n\t\t\t\t<div class=\"elementor-widget-container\">\n\t\t\t<h1 class=\"elementor-heading-title elementor-size-default\">Adatfelt\u00f6lt\u00e9s web\u00e1ruh\u00e1zakba <br>\u00e9s az NASuite -ba<\/h1>\t\t<\/div>\n\t\t\t\t<\/div>\n\t\t\t\t\t<\/div>\n\t\t<\/div>\n\t\t\t\t\t\t\t<\/div>\n\t\t<\/section>\n\t\t\t\t<section class=\"elementor-section elementor-top-section elementor-element elementor-element-5c0ea39 elementor-section-boxed elementor-section-height-default elementor-section-height-default\" data-id=\"5c0ea39\" data-element_type=\"section\">\n\t\t\t\t\t\t<div class=\"elementor-container elementor-column-gap-default\">\n\t\t\t\t\t<div class=\"elementor-column elementor-col-100 elementor-top-column elementor-element elementor-element-0bda208\" data-id=\"0bda208\" data-element_type=\"column\">\n\t\t\t<div class=\"elementor-widget-wrap elementor-element-populated\">\n\t\t\t\t\t\t\t\t<div class=\"elementor-element elementor-element-b9eba5d elementor-widget-divider--view-line elementor-widget elementor-widget-divider\" data-id=\"b9eba5d\" data-element_type=\"widget\" data-widget_type=\"divider.default\">\n\t\t\t\t<div class=\"elementor-widget-container\">\n\t\t\t\t\t<div class=\"elementor-divider\">\n\t\t\t<span class=\"elementor-divider-separator\">\n\t\t\t\t\t\t<\/span>\n\t\t<\/div>\n\t\t\t\t<\/div>\n\t\t\t\t<\/div>\n\t\t\t\t\t<\/div>\n\t\t<\/div>\n\t\t\t\t\t\t\t<\/div>\n\t\t<\/section>\n\t\t\t\t<section class=\"elementor-section elementor-top-section elementor-element elementor-element-a799666 elementor-section-stretched elementor-section-boxed elementor-section-height-default elementor-section-height-default\" data-id=\"a799666\" data-element_type=\"section\" data-settings=\"{&quot;stretch_section&quot;:&quot;section-stretched&quot;}\">\n\t\t\t\t\t\t<div class=\"elementor-container elementor-column-gap-default\">\n\t\t\t\t\t<div class=\"elementor-column elementor-col-100 elementor-top-column elementor-element elementor-element-abeb1e4\" data-id=\"abeb1e4\" data-element_type=\"column\">\n\t\t\t<div class=\"elementor-widget-wrap elementor-element-populated\">\n\t\t\t\t\t\t\t\t<section class=\"elementor-section elementor-inner-section elementor-element elementor-element-4b26a48 elementor-section-boxed elementor-section-height-default elementor-section-height-default\" data-id=\"4b26a48\" data-element_type=\"section\">\n\t\t\t\t\t\t<div class=\"elementor-container elementor-column-gap-default\">\n\t\t\t\t\t<div class=\"elementor-column elementor-col-50 elementor-inner-column elementor-element elementor-element-5e97d71\" data-id=\"5e97d71\" data-element_type=\"column\">\n\t\t\t<div class=\"elementor-widget-wrap elementor-element-populated\">\n\t\t\t\t\t\t\t\t<div class=\"elementor-element elementor-element-e5b3760 elementor-widget elementor-widget-image\" data-id=\"e5b3760\" data-element_type=\"widget\" data-widget_type=\"image.default\">\n\t\t\t\t<div class=\"elementor-widget-container\">\n\t\t\t\t\t\t\t\t\t\t\t\t\t\t\t<img loading=\"lazy\" decoding=\"async\" width=\"600\" height=\"300\" src=\"https:\/\/www.nasuite.hu\/wp-content\/uploads\/2019\/09\/database-2.jpg\" class=\"attachment-large size-large wp-image-513\" alt=\"\" srcset=\"https:\/\/www.nasuite.hu\/wp-content\/uploads\/2019\/09\/database-2.jpg 600w, https:\/\/www.nasuite.hu\/wp-content\/uploads\/2019\/09\/database-2-300x150.jpg 300w, https:\/\/www.nasuite.hu\/wp-content\/uploads\/2019\/09\/database-2-230x115.jpg 230w, https:\/\/www.nasuite.hu\/wp-content\/uploads\/2019\/09\/database-2-350x175.jpg 350w, https:\/\/www.nasuite.hu\/wp-content\/uploads\/2019\/09\/database-2-480x240.jpg 480w\" sizes=\"auto, (max-width: 600px) 100vw, 600px\" \/>\t\t\t\t\t\t\t\t\t\t\t\t\t\t\t<\/div>\n\t\t\t\t<\/div>\n\t\t\t\t\t<\/div>\n\t\t<\/div>\n\t\t\t\t<div class=\"elementor-column elementor-col-50 elementor-inner-column elementor-element elementor-element-befe1af\" data-id=\"befe1af\" data-element_type=\"column\">\n\t\t\t<div class=\"elementor-widget-wrap elementor-element-populated\">\n\t\t\t\t\t\t\t\t<div class=\"elementor-element elementor-element-d42fede elementor-widget elementor-widget-heading\" data-id=\"d42fede\" data-element_type=\"widget\" data-widget_type=\"heading.default\">\n\t\t\t\t<div class=\"elementor-widget-container\">\n\t\t\t<h2 class=\"elementor-heading-title elementor-size-large\">Adafelt\u00f6lt\u00e9s az \u00e1ltalunk t\u00e1mogatott web\u00e1ruh\u00e1zakba<\/h2>\t\t<\/div>\n\t\t\t\t<\/div>\n\t\t\t\t<div class=\"elementor-element elementor-element-c26fdb3 elementor-widget elementor-widget-text-editor\" data-id=\"c26fdb3\" data-element_type=\"widget\" data-widget_type=\"text-editor.default\">\n\t\t\t\t<div class=\"elementor-widget-container\">\n\t\t\t\t\t\t\t<p>A web\u00e1ruh\u00e1zad csak akkor lesz sikeres \u00e9s egy\u00e1ltal\u00e1n m\u0171k\u00f6d\u0151k\u00e9pes, ha sz\u00e9pen \u00e9s gondosan felt\u00f6lt\u00f6tt adatokat szolg\u00e1ltatsz a nagyk\u00f6z\u00f6ns\u00e9g fel\u00e9. Mi tudjuk, hogy az adatok felt\u00f6lt\u00e9se \u00e9s karbantart\u00e1sa a web\u00e1ruh\u00e1zak egyik legnagyobb kih\u00edv\u00e1sa. Minden gy\u00e1rt\u00f3 term\u00e9szetesen m\u00e1s \u00e9s m\u00e1s form\u00e1tumban adja meg a kiskeresked\u0151knek az adatokat \u00e9s a k\u00e9peket. Szolg\u00e1ltat\u00e1si portf\u00f3li\u00f3nkban ez\u00e9rt szerepel a gy\u00e1rt\u00f3kt\u00f3l kapott adatok web\u00e1ruh\u00e1zba t\u00f6rt\u00e9n\u0151 bet\u00f6lt\u00e9se is.\u00a0<\/p><p>Kapcsolat oldalunk b\u00e1rmely el\u00e9rhet\u0151s\u00e9g\u00e9n kereszt\u00fcl k\u00e9rhetsz aj\u00e1nlatot.<\/p>\t\t\t\t\t\t<\/div>\n\t\t\t\t<\/div>\n\t\t\t\t\t<\/div>\n\t\t<\/div>\n\t\t\t\t\t\t\t<\/div>\n\t\t<\/section>\n\t\t\t\t\t<\/div>\n\t\t<\/div>\n\t\t\t\t\t\t\t<\/div>\n\t\t<\/section>\n\t\t\t\t<section class=\"elementor-section elementor-top-section elementor-element elementor-element-95170ab elementor-section-stretched elementor-section-boxed elementor-section-height-default elementor-section-height-default\" data-id=\"95170ab\" data-element_type=\"section\" data-settings=\"{&quot;stretch_section&quot;:&quot;section-stretched&quot;,&quot;background_background&quot;:&quot;classic&quot;}\">\n\t\t\t\t\t\t<div class=\"elementor-container elementor-column-gap-default\">\n\t\t\t\t\t<div class=\"elementor-column elementor-col-100 elementor-top-column elementor-element elementor-element-05596d7\" data-id=\"05596d7\" data-element_type=\"column\">\n\t\t\t<div class=\"elementor-widget-wrap elementor-element-populated\">\n\t\t\t\t\t\t\t\t<section class=\"elementor-section elementor-inner-section elementor-element elementor-element-cd7722b elementor-section-boxed elementor-section-height-default elementor-section-height-default\" data-id=\"cd7722b\" data-element_type=\"section\">\n\t\t\t\t\t\t<div class=\"elementor-container elementor-column-gap-default\">\n\t\t\t\t\t<div class=\"elementor-column elementor-col-50 elementor-inner-column elementor-element elementor-element-594f6e1\" data-id=\"594f6e1\" data-element_type=\"column\">\n\t\t\t<div class=\"elementor-widget-wrap elementor-element-populated\">\n\t\t\t\t\t\t\t\t<div class=\"elementor-element elementor-element-e592cc1 elementor-widget elementor-widget-heading\" data-id=\"e592cc1\" data-element_type=\"widget\" data-widget_type=\"heading.default\">\n\t\t\t\t<div class=\"elementor-widget-container\">\n\t\t\t<h2 class=\"elementor-heading-title elementor-size-large\">\u00c1rlist\u00e1k bet\u00f6lt\u00e9se az \u00e1ltalunk t\u00e1mogatott web\u00e1ruh\u00e1zakba<\/h2>\t\t<\/div>\n\t\t\t\t<\/div>\n\t\t\t\t<div class=\"elementor-element elementor-element-a1fe8c3 elementor-widget elementor-widget-text-editor\" data-id=\"a1fe8c3\" data-element_type=\"widget\" data-widget_type=\"text-editor.default\">\n\t\t\t\t<div class=\"elementor-widget-container\">\n\t\t\t\t\t\t\t<p>M\u00e1sik sikert\u00e9nyez\u0151 a web\u00e1ruh\u00e1zak j\u00f3 m\u0171k\u00f6d\u00e9s\u00e9hez, a megfelel\u0151 \u00e1raz\u00e1s kialak\u00edt\u00e1sa. Mi annyiban tudunk t\u00e1mogat\u00e1st ny\u00fajtani ehhez az igen id\u0151ig\u00e9nyes \u00e9s nagyon fontos feladathoz, hogy a kapott \u00e1rlist\u00e1kat bet\u00f6lj\u00fck az adott webshopba, a megfelel\u0151 form\u00e1tumban.\u00a0<\/p><p>Kapcsolat oldalunk b\u00e1rmely el\u00e9rhet\u0151s\u00e9g\u00e9n kereszt\u00fcl k\u00e9rhetsz aj\u00e1nlatot.<\/p>\t\t\t\t\t\t<\/div>\n\t\t\t\t<\/div>\n\t\t\t\t\t<\/div>\n\t\t<\/div>\n\t\t\t\t<div class=\"elementor-column elementor-col-50 elementor-inner-column elementor-element elementor-element-51f08d2\" data-id=\"51f08d2\" data-element_type=\"column\">\n\t\t\t<div class=\"elementor-widget-wrap elementor-element-populated\">\n\t\t\t\t\t\t\t\t<div class=\"elementor-element elementor-element-eb46cfc elementor-widget elementor-widget-image\" data-id=\"eb46cfc\" data-element_type=\"widget\" data-widget_type=\"image.default\">\n\t\t\t\t<div class=\"elementor-widget-container\">\n\t\t\t\t\t\t\t\t\t\t\t\t\t\t\t<img loading=\"lazy\" decoding=\"async\" width=\"600\" height=\"300\" src=\"https:\/\/www.nasuite.hu\/wp-content\/uploads\/2019\/09\/pricelist.jpg\" class=\"attachment-large size-large wp-image-525\" alt=\"\" srcset=\"https:\/\/www.nasuite.hu\/wp-content\/uploads\/2019\/09\/pricelist.jpg 600w, https:\/\/www.nasuite.hu\/wp-content\/uploads\/2019\/09\/pricelist-300x150.jpg 300w, https:\/\/www.nasuite.hu\/wp-content\/uploads\/2019\/09\/pricelist-230x115.jpg 230w, https:\/\/www.nasuite.hu\/wp-content\/uploads\/2019\/09\/pricelist-350x175.jpg 350w, https:\/\/www.nasuite.hu\/wp-content\/uploads\/2019\/09\/pricelist-480x240.jpg 480w\" sizes=\"auto, (max-width: 600px) 100vw, 600px\" \/>\t\t\t\t\t\t\t\t\t\t\t\t\t\t\t<\/div>\n\t\t\t\t<\/div>\n\t\t\t\t\t<\/div>\n\t\t<\/div>\n\t\t\t\t\t\t\t<\/div>\n\t\t<\/section>\n\t\t\t\t\t<\/div>\n\t\t<\/div>\n\t\t\t\t\t\t\t<\/div>\n\t\t<\/section>\n\t\t\t\t<section class=\"elementor-section elementor-top-section elementor-element elementor-element-0a33e68 elementor-section-stretched elementor-section-boxed elementor-section-height-default elementor-section-height-default\" data-id=\"0a33e68\" data-element_type=\"section\" data-settings=\"{&quot;stretch_section&quot;:&quot;section-stretched&quot;}\">\n\t\t\t\t\t\t<div class=\"elementor-container elementor-column-gap-default\">\n\t\t\t\t\t<div class=\"elementor-column elementor-col-100 elementor-top-column elementor-element elementor-element-2c6fa2e\" data-id=\"2c6fa2e\" data-element_type=\"column\">\n\t\t\t<div class=\"elementor-widget-wrap elementor-element-populated\">\n\t\t\t\t\t\t\t\t<section class=\"elementor-section elementor-inner-section elementor-element elementor-element-cf75fdd elementor-section-boxed elementor-section-height-default elementor-section-height-default\" data-id=\"cf75fdd\" data-element_type=\"section\">\n\t\t\t\t\t\t<div class=\"elementor-container elementor-column-gap-default\">\n\t\t\t\t\t<div class=\"elementor-column elementor-col-50 elementor-inner-column elementor-element elementor-element-2c9ca50\" data-id=\"2c9ca50\" data-element_type=\"column\">\n\t\t\t<div class=\"elementor-widget-wrap elementor-element-populated\">\n\t\t\t\t\t\t\t\t<div class=\"elementor-element elementor-element-3b10217 elementor-widget elementor-widget-image\" data-id=\"3b10217\" data-element_type=\"widget\" data-widget_type=\"image.default\">\n\t\t\t\t<div class=\"elementor-widget-container\">\n\t\t\t\t\t\t\t\t\t\t\t\t\t\t\t<img loading=\"lazy\" decoding=\"async\" width=\"600\" height=\"300\" src=\"https:\/\/www.nasuite.hu\/wp-content\/uploads\/2019\/09\/data.jpg\" class=\"attachment-large size-large wp-image-537\" alt=\"\" srcset=\"https:\/\/www.nasuite.hu\/wp-content\/uploads\/2019\/09\/data.jpg 600w, https:\/\/www.nasuite.hu\/wp-content\/uploads\/2019\/09\/data-300x150.jpg 300w, https:\/\/www.nasuite.hu\/wp-content\/uploads\/2019\/09\/data-230x115.jpg 230w, https:\/\/www.nasuite.hu\/wp-content\/uploads\/2019\/09\/data-350x175.jpg 350w, https:\/\/www.nasuite.hu\/wp-content\/uploads\/2019\/09\/data-480x240.jpg 480w\" sizes=\"auto, (max-width: 600px) 100vw, 600px\" \/>\t\t\t\t\t\t\t\t\t\t\t\t\t\t\t<\/div>\n\t\t\t\t<\/div>\n\t\t\t\t\t<\/div>\n\t\t<\/div>\n\t\t\t\t<div class=\"elementor-column elementor-col-50 elementor-inner-column elementor-element elementor-element-acb1b7c\" data-id=\"acb1b7c\" data-element_type=\"column\">\n\t\t\t<div class=\"elementor-widget-wrap elementor-element-populated\">\n\t\t\t\t\t\t\t\t<div class=\"elementor-element elementor-element-eb5a2b6 elementor-widget elementor-widget-heading\" data-id=\"eb5a2b6\" data-element_type=\"widget\" data-widget_type=\"heading.default\">\n\t\t\t\t<div class=\"elementor-widget-container\">\n\t\t\t<h2 class=\"elementor-heading-title elementor-size-large\">Adatok \u00e9s \u00e1rlist\u00e1k meg\u00edr\u00e1sa kapott adatok alapj\u00e1n<\/h2>\t\t<\/div>\n\t\t\t\t<\/div>\n\t\t\t\t<div class=\"elementor-element elementor-element-31d3bd4 elementor-widget elementor-widget-text-editor\" data-id=\"31d3bd4\" data-element_type=\"widget\" data-widget_type=\"text-editor.default\">\n\t\t\t\t<div class=\"elementor-widget-container\">\n\t\t\t\t\t\t\t<p>Sokszor csak egy katal\u00f3gus vagy egy PDF \u00e1rlista \u00e1ll rendelkez\u00e9sre a gy\u00e1rt\u00f3kt\u00f3l. Nyilv\u00e1n ezekb\u0151l a web\u00e1ruh\u00e1z sz\u00e1m\u00e1ra em\u00e9szthet\u0151, azaz bet\u00f6lthet\u0151 form\u00e1tumot kell l\u00e9trehozni. C\u00e9g\u00fcnk v\u00e1llalja k\u00fcl\u00f6n megegyez\u00e9s alapj\u00e1n ezen f\u00e1jlok elk\u00e9sz\u00edt\u00e9s\u00e9t a kapott adatok alapj\u00e1n. Ha t\u00f6bb ezer soros term\u00e9klist\u00e1r\u00f3l van sz\u00f3, akkor ez a szolg\u00e1ltat\u00e1sunk igen kifizet\u0151d\u0151 lehet a web\u00e1ruh\u00e1ztulajdonosk sz\u00e1m\u00e1ra.<\/p><p>Kapcsolat oldalunk b\u00e1rmely el\u00e9rhet\u0151s\u00e9g\u00e9n kereszt\u00fcl k\u00e9rhetsz aj\u00e1nlatot.<\/p><p>\u00a0<\/p>\t\t\t\t\t\t<\/div>\n\t\t\t\t<\/div>\n\t\t\t\t\t<\/div>\n\t\t<\/div>\n\t\t\t\t\t\t\t<\/div>\n\t\t<\/section>\n\t\t\t\t\t<\/div>\n\t\t<\/div>\n\t\t\t\t\t\t\t<\/div>\n\t\t<\/section>\n\t\t\t\t\t\t\t<\/div>\n\t\t","protected":false},"excerpt":{"rendered":"<p>Adatfelt\u00f6lt\u00e9s web\u00e1ruh\u00e1zakba \u00e9s az NASuite -ba Adafelt\u00f6lt\u00e9s az \u00e1ltalunk t\u00e1mogatott web\u00e1ruh\u00e1zakba A web\u00e1ruh\u00e1zad csak akkor lesz sikeres \u00e9s egy\u00e1ltal\u00e1n m\u0171k\u00f6d\u0151k\u00e9pes, ha sz\u00e9pen \u00e9s gondosan felt\u00f6lt\u00f6tt adatokat szolg\u00e1ltatsz a nagyk\u00f6z\u00f6ns\u00e9g fel\u00e9. Mi tudjuk, hogy az adatok felt\u00f6lt\u00e9se \u00e9s karbantart\u00e1sa a web\u00e1ruh\u00e1zak egyik legnagyobb kih\u00edv\u00e1sa. Minden gy\u00e1rt\u00f3 term\u00e9szetesen m\u00e1s \u00e9s m\u00e1s form\u00e1tumban adja meg a kiskeresked\u0151knek az [&hellip;]<\/p>\n","protected":false},"author":1,"featured_media":0,"parent":458,"menu_order":0,"comment_status":"closed","ping_status":"closed","template":"elementor_header_footer","meta":{"footnotes":""},"class_list":["post-503","page","type-page","status-publish","hentry"],"_links":{"self":[{"href":"https:\/\/www.nasuite.hu\/index.php\/wp-json\/wp\/v2\/pages\/503","targetHints":{"allow":["GET"]}}],"collection":[{"href":"https:\/\/www.nasuite.hu\/index.php\/wp-json\/wp\/v2\/pages"}],"about":[{"href":"https:\/\/www.nasuite.hu\/index.php\/wp-json\/wp\/v2\/types\/page"}],"author":[{"embeddable":true,"href":"https:\/\/www.nasuite.hu\/index.php\/wp-json\/wp\/v2\/users\/1"}],"replies":[{"embeddable":true,"href":"https:\/\/www.nasuite.hu\/index.php\/wp-json\/wp\/v2\/comments?post=503"}],"version-history":[{"count":10,"href":"https:\/\/www.nasuite.hu\/index.php\/wp-json\/wp\/v2\/pages\/503\/revisions"}],"predecessor-version":[{"id":639,"href":"https:\/\/www.nasuite.hu\/index.php\/wp-json\/wp\/v2\/pages\/503\/revisions\/639"}],"up":[{"embeddable":true,"href":"https:\/\/www.nasuite.hu\/index.php\/wp-json\/wp\/v2\/pages\/458"}],"wp:attachment":[{"href":"https:\/\/www.nasuite.hu\/index.php\/wp-json\/wp\/v2\/media?parent=503"}],"curies":[{"name":"wp","href":"https:\/\/api.w.org\/{rel}","templated":true}]}}