{"id":458,"date":"2019-09-23T13:19:16","date_gmt":"2019-09-23T11:19:16","guid":{"rendered":"https:\/\/www.nasuite.hu\/?page_id=458"},"modified":"2019-09-24T12:33:42","modified_gmt":"2019-09-24T10:33:42","slug":"szolgaltatasaink","status":"publish","type":"page","link":"https:\/\/www.nasuite.hu\/index.php\/szolgaltatasaink\/","title":{"rendered":"Szolg\u00e1ltat\u00e1saink"},"content":{"rendered":"\t\t<div data-elementor-type=\"wp-page\" data-elementor-id=\"458\" class=\"elementor elementor-458\">\n\t\t\t\t\t\t\t\t\t<section class=\"elementor-section elementor-top-section elementor-element elementor-element-b2a1977 elementor-section-boxed elementor-section-height-default elementor-section-height-default\" data-id=\"b2a1977\" data-element_type=\"section\">\n\t\t\t\t\t\t<div class=\"elementor-container elementor-column-gap-default\">\n\t\t\t\t\t<div class=\"elementor-column elementor-col-100 elementor-top-column elementor-element elementor-element-ecc802f\" data-id=\"ecc802f\" data-element_type=\"column\">\n\t\t\t<div class=\"elementor-widget-wrap elementor-element-populated\">\n\t\t\t\t\t\t\t\t<div class=\"elementor-element elementor-element-b8298bc elementor-widget elementor-widget-heading\" data-id=\"b8298bc\" data-element_type=\"widget\" data-widget_type=\"heading.default\">\n\t\t\t\t<div class=\"elementor-widget-container\">\n\t\t\t<h1 class=\"elementor-heading-title elementor-size-xl\">Szolg\u00e1ltat\u00e1saink<\/h1>\t\t<\/div>\n\t\t\t\t<\/div>\n\t\t\t\t\t<\/div>\n\t\t<\/div>\n\t\t\t\t\t\t\t<\/div>\n\t\t<\/section>\n\t\t\t\t<section class=\"elementor-section elementor-top-section elementor-element elementor-element-4a1c5e6 elementor-section-boxed elementor-section-height-default elementor-section-height-default\" data-id=\"4a1c5e6\" data-element_type=\"section\">\n\t\t\t\t\t\t<div class=\"elementor-container elementor-column-gap-default\">\n\t\t\t\t\t<div class=\"elementor-column elementor-col-100 elementor-top-column elementor-element elementor-element-4a0c418\" data-id=\"4a0c418\" data-element_type=\"column\">\n\t\t\t<div class=\"elementor-widget-wrap elementor-element-populated\">\n\t\t\t\t\t\t\t\t<section class=\"elementor-section elementor-inner-section elementor-element elementor-element-845ddb0 elementor-section-boxed elementor-section-height-default elementor-section-height-default\" data-id=\"845ddb0\" data-element_type=\"section\">\n\t\t\t\t\t\t<div class=\"elementor-container elementor-column-gap-default\">\n\t\t\t\t\t<div class=\"elementor-column elementor-col-50 elementor-inner-column elementor-element elementor-element-01f01f0\" data-id=\"01f01f0\" data-element_type=\"column\">\n\t\t\t<div class=\"elementor-widget-wrap elementor-element-populated\">\n\t\t\t\t\t\t\t\t<div class=\"elementor-element elementor-element-991bef1 elementor-widget elementor-widget-image\" data-id=\"991bef1\" data-element_type=\"widget\" data-widget_type=\"image.default\">\n\t\t\t\t<div class=\"elementor-widget-container\">\n\t\t\t\t\t\t\t\t\t\t\t\t\t\t\t<img loading=\"lazy\" decoding=\"async\" width=\"600\" height=\"300\" src=\"https:\/\/www.nasuite.hu\/wp-content\/uploads\/2019\/09\/services.jpg\" class=\"attachment-large size-large wp-image-543\" alt=\"\" srcset=\"https:\/\/www.nasuite.hu\/wp-content\/uploads\/2019\/09\/services.jpg 600w, https:\/\/www.nasuite.hu\/wp-content\/uploads\/2019\/09\/services-300x150.jpg 300w, https:\/\/www.nasuite.hu\/wp-content\/uploads\/2019\/09\/services-230x115.jpg 230w, https:\/\/www.nasuite.hu\/wp-content\/uploads\/2019\/09\/services-350x175.jpg 350w, https:\/\/www.nasuite.hu\/wp-content\/uploads\/2019\/09\/services-480x240.jpg 480w\" sizes=\"auto, (max-width: 600px) 100vw, 600px\" \/>\t\t\t\t\t\t\t\t\t\t\t\t\t\t\t<\/div>\n\t\t\t\t<\/div>\n\t\t\t\t\t<\/div>\n\t\t<\/div>\n\t\t\t\t<div class=\"elementor-column elementor-col-50 elementor-inner-column elementor-element elementor-element-106ece2\" data-id=\"106ece2\" data-element_type=\"column\">\n\t\t\t<div class=\"elementor-widget-wrap elementor-element-populated\">\n\t\t\t\t\t\t\t\t<div class=\"elementor-element elementor-element-7e91c33 elementor-icon-list--layout-traditional elementor-list-item-link-full_width elementor-widget elementor-widget-icon-list\" data-id=\"7e91c33\" data-element_type=\"widget\" data-widget_type=\"icon-list.default\">\n\t\t\t\t<div class=\"elementor-widget-container\">\n\t\t\t\t\t<ul class=\"elementor-icon-list-items\">\n\t\t\t\t\t\t\t<li class=\"elementor-icon-list-item\">\n\t\t\t\t\t\t\t\t\t\t\t<a href=\"https:\/\/www.nasuite.hu\/index.php\/szolgaltatasaink\/webaruhaz-motorok-beallitasa\/\">\n\n\t\t\t\t\t\t\t\t\t\t\t\t<span class=\"elementor-icon-list-icon\">\n\t\t\t\t\t\t\t<i aria-hidden=\"true\" class=\"fas fa-dot-circle\"><\/i>\t\t\t\t\t\t<\/span>\n\t\t\t\t\t\t\t\t\t\t<span class=\"elementor-icon-list-text\">Web\u00e1ruh\u00e1z motorok be\u00e1ll\u00edt\u00e1sa<\/span>\n\t\t\t\t\t\t\t\t\t\t\t<\/a>\n\t\t\t\t\t\t\t\t\t<\/li>\n\t\t\t\t\t\t\t\t<li class=\"elementor-icon-list-item\">\n\t\t\t\t\t\t\t\t\t\t\t<a href=\"https:\/\/www.nasuite.hu\/index.php\/szolgaltatasaink\/adatfeltoltes\/\">\n\n\t\t\t\t\t\t\t\t\t\t\t\t<span class=\"elementor-icon-list-icon\">\n\t\t\t\t\t\t\t<i aria-hidden=\"true\" class=\"fas fa-dot-circle\"><\/i>\t\t\t\t\t\t<\/span>\n\t\t\t\t\t\t\t\t\t\t<span class=\"elementor-icon-list-text\">Adatfelt\u00f6lt\u00e9s<\/span>\n\t\t\t\t\t\t\t\t\t\t\t<\/a>\n\t\t\t\t\t\t\t\t\t<\/li>\n\t\t\t\t\t\t\t\t<li class=\"elementor-icon-list-item\">\n\t\t\t\t\t\t\t\t\t\t\t<a href=\"https:\/\/www.nasuite.hu\/index.php\/szolgaltatasaink\/hirdeteskezeles\/\">\n\n\t\t\t\t\t\t\t\t\t\t\t\t<span class=\"elementor-icon-list-icon\">\n\t\t\t\t\t\t\t<i aria-hidden=\"true\" class=\"fas fa-dot-circle\"><\/i>\t\t\t\t\t\t<\/span>\n\t\t\t\t\t\t\t\t\t\t<span class=\"elementor-icon-list-text\">Online hirdet\u00e9sek kezel\u00e9se<\/span>\n\t\t\t\t\t\t\t\t\t\t\t<\/a>\n\t\t\t\t\t\t\t\t\t<\/li>\n\t\t\t\t\t\t\t\t<li class=\"elementor-icon-list-item\">\n\t\t\t\t\t\t\t\t\t\t\t<a href=\"https:\/\/www.nasuite.hu\/index.php\/szolgaltatasaink\/egyedi-fejlesztesek\/\">\n\n\t\t\t\t\t\t\t\t\t\t\t\t<span class=\"elementor-icon-list-icon\">\n\t\t\t\t\t\t\t<i aria-hidden=\"true\" class=\"fas fa-dot-circle\"><\/i>\t\t\t\t\t\t<\/span>\n\t\t\t\t\t\t\t\t\t\t<span class=\"elementor-icon-list-text\">Egyedi fejleszt\u00e9se, applik\u00e1ci\u00f3k telep\u00edt\u00e9se, be\u00e1ll\u00edt\u00e1sa<\/span>\n\t\t\t\t\t\t\t\t\t\t\t<\/a>\n\t\t\t\t\t\t\t\t\t<\/li>\n\t\t\t\t\t\t<\/ul>\n\t\t\t\t<\/div>\n\t\t\t\t<\/div>\n\t\t\t\t\t<\/div>\n\t\t<\/div>\n\t\t\t\t\t\t\t<\/div>\n\t\t<\/section>\n\t\t\t\t\t<\/div>\n\t\t<\/div>\n\t\t\t\t\t\t\t<\/div>\n\t\t<\/section>\n\t\t\t\t\t\t\t<\/div>\n\t\t","protected":false},"excerpt":{"rendered":"<p>Szolg\u00e1ltat\u00e1saink Web\u00e1ruh\u00e1z motorok be\u00e1ll\u00edt\u00e1sa Adatfelt\u00f6lt\u00e9s Online hirdet\u00e9sek kezel\u00e9se Egyedi fejleszt\u00e9se, applik\u00e1ci\u00f3k telep\u00edt\u00e9se, be\u00e1ll\u00edt\u00e1sa<\/p>\n","protected":false},"author":1,"featured_media":0,"parent":0,"menu_order":0,"comment_status":"closed","ping_status":"closed","template":"elementor_header_footer","meta":{"footnotes":""},"class_list":["post-458","page","type-page","status-publish","hentry"],"_links":{"self":[{"href":"https:\/\/www.nasuite.hu\/index.php\/wp-json\/wp\/v2\/pages\/458","targetHints":{"allow":["GET"]}}],"collection":[{"href":"https:\/\/www.nasuite.hu\/index.php\/wp-json\/wp\/v2\/pages"}],"about":[{"href":"https:\/\/www.nasuite.hu\/index.php\/wp-json\/wp\/v2\/types\/page"}],"author":[{"embeddable":true,"href":"https:\/\/www.nasuite.hu\/index.php\/wp-json\/wp\/v2\/users\/1"}],"replies":[{"embeddable":true,"href":"https:\/\/www.nasuite.hu\/index.php\/wp-json\/wp\/v2\/comments?post=458"}],"version-history":[{"count":9,"href":"https:\/\/www.nasuite.hu\/index.php\/wp-json\/wp\/v2\/pages\/458\/revisions"}],"predecessor-version":[{"id":593,"href":"https:\/\/www.nasuite.hu\/index.php\/wp-json\/wp\/v2\/pages\/458\/revisions\/593"}],"wp:attachment":[{"href":"https:\/\/www.nasuite.hu\/index.php\/wp-json\/wp\/v2\/media?parent=458"}],"curies":[{"name":"wp","href":"https:\/\/api.w.org\/{rel}","templated":true}]}}