{"id":451,"date":"2019-09-23T11:52:23","date_gmt":"2019-09-23T09:52:23","guid":{"rendered":"https:\/\/www.nasuite.hu\/?page_id=451"},"modified":"2019-09-24T14:23:03","modified_gmt":"2019-09-24T12:23:03","slug":"raktarkeszlet-kezeles","status":"publish","type":"page","link":"https:\/\/www.nasuite.hu\/index.php\/raktarkeszlet-kezeles\/","title":{"rendered":"Rakt\u00e1rk\u00e9szlet kezel\u00e9s"},"content":{"rendered":"\t\t<div data-elementor-type=\"wp-page\" data-elementor-id=\"451\" class=\"elementor elementor-451\">\n\t\t\t\t\t\t\t\t\t<section class=\"elementor-section elementor-top-section elementor-element elementor-element-bc475c6 elementor-section-stretched elementor-section-boxed elementor-section-height-default elementor-section-height-default\" data-id=\"bc475c6\" data-element_type=\"section\" data-settings=\"{&quot;stretch_section&quot;:&quot;section-stretched&quot;}\">\n\t\t\t\t\t\t<div class=\"elementor-container elementor-column-gap-default\">\n\t\t\t\t\t<div class=\"elementor-column elementor-col-100 elementor-top-column elementor-element elementor-element-3ba2264\" data-id=\"3ba2264\" data-element_type=\"column\">\n\t\t\t<div class=\"elementor-widget-wrap elementor-element-populated\">\n\t\t\t\t\t\t\t\t<div class=\"elementor-element elementor-element-e96ec7c elementor-widget elementor-widget-heading\" data-id=\"e96ec7c\" data-element_type=\"widget\" data-widget_type=\"heading.default\">\n\t\t\t\t<div class=\"elementor-widget-container\">\n\t\t\t<h2 class=\"elementor-heading-title elementor-size-default\">Rakt\u00e1rk\u00e9szlet kezel\u00e9s<\/h2>\t\t<\/div>\n\t\t\t\t<\/div>\n\t\t\t\t<div class=\"elementor-element elementor-element-ccd7bd4 elementor-widget-divider--view-line elementor-widget elementor-widget-divider\" data-id=\"ccd7bd4\" data-element_type=\"widget\" data-widget_type=\"divider.default\">\n\t\t\t\t<div class=\"elementor-widget-container\">\n\t\t\t\t\t<div class=\"elementor-divider\">\n\t\t\t<span class=\"elementor-divider-separator\">\n\t\t\t\t\t\t<\/span>\n\t\t<\/div>\n\t\t\t\t<\/div>\n\t\t\t\t<\/div>\n\t\t\t\t\t<\/div>\n\t\t<\/div>\n\t\t\t\t\t\t\t<\/div>\n\t\t<\/section>\n\t\t\t\t<section class=\"elementor-section elementor-top-section elementor-element elementor-element-e19a0f2 elementor-section-stretched elementor-section-boxed elementor-section-height-default elementor-section-height-default\" data-id=\"e19a0f2\" data-element_type=\"section\" data-settings=\"{&quot;stretch_section&quot;:&quot;section-stretched&quot;}\">\n\t\t\t\t\t\t<div class=\"elementor-container elementor-column-gap-default\">\n\t\t\t\t\t<div class=\"elementor-column elementor-col-100 elementor-top-column elementor-element elementor-element-028c8eb\" data-id=\"028c8eb\" data-element_type=\"column\">\n\t\t\t<div class=\"elementor-widget-wrap elementor-element-populated\">\n\t\t\t\t\t\t\t\t<section class=\"elementor-section elementor-inner-section elementor-element elementor-element-3e7255b elementor-section-boxed elementor-section-height-default elementor-section-height-default\" data-id=\"3e7255b\" data-element_type=\"section\">\n\t\t\t\t\t\t<div class=\"elementor-container elementor-column-gap-default\">\n\t\t\t\t\t<div class=\"elementor-column elementor-col-50 elementor-inner-column elementor-element elementor-element-8d4806a\" data-id=\"8d4806a\" data-element_type=\"column\">\n\t\t\t<div class=\"elementor-widget-wrap elementor-element-populated\">\n\t\t\t\t\t\t\t\t<div class=\"elementor-element elementor-element-67f58cc elementor-widget elementor-widget-image\" data-id=\"67f58cc\" data-element_type=\"widget\" data-widget_type=\"image.default\">\n\t\t\t\t<div class=\"elementor-widget-container\">\n\t\t\t\t\t\t\t\t\t\t\t\t\t\t\t<img loading=\"lazy\" decoding=\"async\" width=\"1024\" height=\"424\" src=\"https:\/\/www.nasuite.hu\/wp-content\/uploads\/2019\/09\/beszerzes-1024x424.jpg\" class=\"attachment-large size-large wp-image-628\" alt=\"\" srcset=\"https:\/\/www.nasuite.hu\/wp-content\/uploads\/2019\/09\/beszerzes-1024x424.jpg 1024w, https:\/\/www.nasuite.hu\/wp-content\/uploads\/2019\/09\/beszerzes-300x124.jpg 300w, https:\/\/www.nasuite.hu\/wp-content\/uploads\/2019\/09\/beszerzes-768x318.jpg 768w, https:\/\/www.nasuite.hu\/wp-content\/uploads\/2019\/09\/beszerzes-830x343.jpg 830w, https:\/\/www.nasuite.hu\/wp-content\/uploads\/2019\/09\/beszerzes-230x95.jpg 230w, https:\/\/www.nasuite.hu\/wp-content\/uploads\/2019\/09\/beszerzes-350x145.jpg 350w, https:\/\/www.nasuite.hu\/wp-content\/uploads\/2019\/09\/beszerzes-480x199.jpg 480w, https:\/\/www.nasuite.hu\/wp-content\/uploads\/2019\/09\/beszerzes.jpg 1523w\" sizes=\"auto, (max-width: 1024px) 100vw, 1024px\" \/>\t\t\t\t\t\t\t\t\t\t\t\t\t\t\t<\/div>\n\t\t\t\t<\/div>\n\t\t\t\t\t<\/div>\n\t\t<\/div>\n\t\t\t\t<div class=\"elementor-column elementor-col-50 elementor-inner-column elementor-element elementor-element-9ed8345\" data-id=\"9ed8345\" data-element_type=\"column\">\n\t\t\t<div class=\"elementor-widget-wrap elementor-element-populated\">\n\t\t\t\t\t\t\t\t<div class=\"elementor-element elementor-element-7c7a924 elementor-widget elementor-widget-heading\" data-id=\"7c7a924\" data-element_type=\"widget\" data-widget_type=\"heading.default\">\n\t\t\t\t<div class=\"elementor-widget-container\">\n\t\t\t<h2 class=\"elementor-heading-title elementor-size-default\"><h2 style=\"margin-top: 0px; margin-bottom: 0px; font-weight: 400; line-height: 44px; overflow-wrap: break-word; font-size: 40px; font-family: &quot;Titillium Web&quot;; color: rgb(16, 16, 16); white-space: normal;\">K\u00e9szletnyilv\u00e1ntart\u00e1s<\/h2><\/h2>\t\t<\/div>\n\t\t\t\t<\/div>\n\t\t\t\t<div class=\"elementor-element elementor-element-8b04fc8 elementor-icon-list--layout-traditional elementor-list-item-link-full_width elementor-widget elementor-widget-icon-list\" data-id=\"8b04fc8\" data-element_type=\"widget\" data-widget_type=\"icon-list.default\">\n\t\t\t\t<div class=\"elementor-widget-container\">\n\t\t\t\t\t<ul class=\"elementor-icon-list-items\">\n\t\t\t\t\t\t\t<li class=\"elementor-icon-list-item\">\n\t\t\t\t\t\t\t\t\t\t\t<span class=\"elementor-icon-list-icon\">\n\t\t\t\t\t\t\t<i aria-hidden=\"true\" class=\"fas fa-check\"><\/i>\t\t\t\t\t\t<\/span>\n\t\t\t\t\t\t\t\t\t\t<span class=\"elementor-icon-list-text\">K\u00e9szletmozg\u00e1s: A rendszer r\u00f6gz\u00edti az esem\u00e9nyeket (beszerz\u00e9s, elad\u00e1s, korrekci\u00f3), amelyek k\u00e9szletmozg\u00e1sokat induk\u00e1lnak.<\/span>\n\t\t\t\t\t\t\t\t\t<\/li>\n\t\t\t\t\t\t\t\t<li class=\"elementor-icon-list-item\">\n\t\t\t\t\t\t\t\t\t\t\t<span class=\"elementor-icon-list-icon\">\n\t\t\t\t\t\t\t<i aria-hidden=\"true\" class=\"fas fa-check\"><\/i>\t\t\t\t\t\t<\/span>\n\t\t\t\t\t\t\t\t\t\t<span class=\"elementor-icon-list-text\">Lok\u00e1ci\u00f3 t\u00e1rol\u00e1s: Term\u00e9kenk\u00e9nt r\u00f6gz\u00edteni lehet a lok\u00e1ci\u00f3kat, ahov\u00e1 a bev\u00e9telez\u00e9s folyam\u00e1n fizikailag t\u00e1rolva lett<\/span>\n\t\t\t\t\t\t\t\t\t<\/li>\n\t\t\t\t\t\t\t\t<li class=\"elementor-icon-list-item\">\n\t\t\t\t\t\t\t\t\t\t\t<span class=\"elementor-icon-list-icon\">\n\t\t\t\t\t\t\t<i aria-hidden=\"true\" class=\"fas fa-check\"><\/i>\t\t\t\t\t\t<\/span>\n\t\t\t\t\t\t\t\t\t\t<span class=\"elementor-icon-list-text\">Rendel\u00e9sfoglal\u00e1s: figyeli a rendelt menyis\u00e9geket \u00e9s mutataja a szabad k\u00e9szletet<\/span>\n\t\t\t\t\t\t\t\t\t<\/li>\n\t\t\t\t\t\t\t\t<li class=\"elementor-icon-list-item\">\n\t\t\t\t\t\t\t\t\t\t\t<span class=\"elementor-icon-list-icon\">\n\t\t\t\t\t\t\t<i aria-hidden=\"true\" class=\"fas fa-check\"><\/i>\t\t\t\t\t\t<\/span>\n\t\t\t\t\t\t\t\t\t\t<span class=\"elementor-icon-list-text\">Beszerz\u00e9si \u00e9s elad\u00e1si \u00e1r megad\u00e1sa, napl\u00f3z\u00e1sa<\/span>\n\t\t\t\t\t\t\t\t\t<\/li>\n\t\t\t\t\t\t<\/ul>\n\t\t\t\t<\/div>\n\t\t\t\t<\/div>\n\t\t\t\t\t<\/div>\n\t\t<\/div>\n\t\t\t\t\t\t\t<\/div>\n\t\t<\/section>\n\t\t\t\t\t<\/div>\n\t\t<\/div>\n\t\t\t\t\t\t\t<\/div>\n\t\t<\/section>\n\t\t\t\t<section class=\"elementor-section elementor-top-section elementor-element elementor-element-4a264ea elementor-section-stretched elementor-section-boxed elementor-section-height-default elementor-section-height-default\" data-id=\"4a264ea\" data-element_type=\"section\" data-settings=\"{&quot;stretch_section&quot;:&quot;section-stretched&quot;,&quot;background_background&quot;:&quot;classic&quot;}\">\n\t\t\t\t\t\t<div class=\"elementor-container elementor-column-gap-default\">\n\t\t\t\t\t<div class=\"elementor-column elementor-col-100 elementor-top-column elementor-element elementor-element-d7bc07f\" data-id=\"d7bc07f\" data-element_type=\"column\">\n\t\t\t<div class=\"elementor-widget-wrap elementor-element-populated\">\n\t\t\t\t\t\t\t\t<section class=\"elementor-section elementor-inner-section elementor-element elementor-element-c85a603 elementor-section-boxed elementor-section-height-default elementor-section-height-default\" data-id=\"c85a603\" data-element_type=\"section\">\n\t\t\t\t\t\t<div class=\"elementor-container elementor-column-gap-default\">\n\t\t\t\t\t<div class=\"elementor-column elementor-col-50 elementor-inner-column elementor-element elementor-element-c720370\" data-id=\"c720370\" data-element_type=\"column\">\n\t\t\t<div class=\"elementor-widget-wrap elementor-element-populated\">\n\t\t\t\t\t\t\t\t<div class=\"elementor-element elementor-element-9350197 elementor-widget elementor-widget-heading\" data-id=\"9350197\" data-element_type=\"widget\" data-widget_type=\"heading.default\">\n\t\t\t\t<div class=\"elementor-widget-container\">\n\t\t\t<h2 class=\"elementor-heading-title elementor-size-default\">Csomagol\u00f3 lista<\/h2>\t\t<\/div>\n\t\t\t\t<\/div>\n\t\t\t\t<div class=\"elementor-element elementor-element-cdcb9ba elementor-widget elementor-widget-text-editor\" data-id=\"cdcb9ba\" data-element_type=\"widget\" data-widget_type=\"text-editor.default\">\n\t\t\t\t<div class=\"elementor-widget-container\">\n\t\t\t\t\t\t\t<p>A rakt\u00e1rosok sz\u00e1m\u00e1ra, mobiltelefonra optimaliz\u00e1lt &#8222;szed\u0151&#8221; lista \u00e1ll rendelkez\u00e9sre, amely rendk\u00edv\u00fcl felgyors\u00edtja a rendel\u00e9sekhez tartoz\u00f3 term\u00e9kek \u00f6sszegy\u0171jt\u00e9s\u00e9t \u00e9s csomagol\u00e1s\u00e1t.<\/p><p>R\u00e1ad\u00e1sul pap\u00edrmentes m\u0171k\u00f6d\u00e9st biztos\u00edt.<\/p>\t\t\t\t\t\t<\/div>\n\t\t\t\t<\/div>\n\t\t\t\t\t<\/div>\n\t\t<\/div>\n\t\t\t\t<div class=\"elementor-column elementor-col-50 elementor-inner-column elementor-element elementor-element-d7f92c2\" data-id=\"d7f92c2\" data-element_type=\"column\">\n\t\t\t<div class=\"elementor-widget-wrap elementor-element-populated\">\n\t\t\t\t\t\t\t\t<div class=\"elementor-element elementor-element-ad74be6 elementor-widget elementor-widget-image\" data-id=\"ad74be6\" data-element_type=\"widget\" data-widget_type=\"image.default\">\n\t\t\t\t<div class=\"elementor-widget-container\">\n\t\t\t\t\t\t\t\t\t\t\t\t\t\t\t<img loading=\"lazy\" decoding=\"async\" width=\"758\" height=\"430\" src=\"https:\/\/www.nasuite.hu\/wp-content\/uploads\/2019\/09\/csomagolo.jpg\" class=\"attachment-large size-large wp-image-629\" alt=\"\" srcset=\"https:\/\/www.nasuite.hu\/wp-content\/uploads\/2019\/09\/csomagolo.jpg 758w, https:\/\/www.nasuite.hu\/wp-content\/uploads\/2019\/09\/csomagolo-300x170.jpg 300w, https:\/\/www.nasuite.hu\/wp-content\/uploads\/2019\/09\/csomagolo-230x130.jpg 230w, https:\/\/www.nasuite.hu\/wp-content\/uploads\/2019\/09\/csomagolo-350x199.jpg 350w, https:\/\/www.nasuite.hu\/wp-content\/uploads\/2019\/09\/csomagolo-480x272.jpg 480w\" sizes=\"auto, (max-width: 758px) 100vw, 758px\" \/>\t\t\t\t\t\t\t\t\t\t\t\t\t\t\t<\/div>\n\t\t\t\t<\/div>\n\t\t\t\t\t<\/div>\n\t\t<\/div>\n\t\t\t\t\t\t\t<\/div>\n\t\t<\/section>\n\t\t\t\t\t<\/div>\n\t\t<\/div>\n\t\t\t\t\t\t\t<\/div>\n\t\t<\/section>\n\t\t\t\t<section class=\"elementor-section elementor-top-section elementor-element elementor-element-0ebcec1 elementor-section-stretched elementor-section-boxed elementor-section-height-default elementor-section-height-default\" data-id=\"0ebcec1\" data-element_type=\"section\" data-settings=\"{&quot;stretch_section&quot;:&quot;section-stretched&quot;}\">\n\t\t\t\t\t\t<div class=\"elementor-container elementor-column-gap-default\">\n\t\t\t\t\t<div class=\"elementor-column elementor-col-100 elementor-top-column elementor-element elementor-element-f16634a\" data-id=\"f16634a\" data-element_type=\"column\">\n\t\t\t<div class=\"elementor-widget-wrap elementor-element-populated\">\n\t\t\t\t\t\t\t\t<section class=\"elementor-section elementor-inner-section elementor-element elementor-element-c8b049e elementor-section-boxed elementor-section-height-default elementor-section-height-default\" data-id=\"c8b049e\" data-element_type=\"section\">\n\t\t\t\t\t\t<div class=\"elementor-container elementor-column-gap-default\">\n\t\t\t\t\t<div class=\"elementor-column elementor-col-50 elementor-inner-column elementor-element elementor-element-27601da\" data-id=\"27601da\" data-element_type=\"column\">\n\t\t\t<div class=\"elementor-widget-wrap elementor-element-populated\">\n\t\t\t\t\t\t\t\t<div class=\"elementor-element elementor-element-4580dd5 elementor-widget elementor-widget-image\" data-id=\"4580dd5\" data-element_type=\"widget\" data-widget_type=\"image.default\">\n\t\t\t\t<div class=\"elementor-widget-container\">\n\t\t\t\t\t\t\t\t\t\t\t\t\t\t\t<img loading=\"lazy\" decoding=\"async\" width=\"1024\" height=\"508\" src=\"https:\/\/www.nasuite.hu\/wp-content\/uploads\/2019\/09\/gls-1024x508.jpg\" class=\"attachment-large size-large wp-image-630\" alt=\"\" srcset=\"https:\/\/www.nasuite.hu\/wp-content\/uploads\/2019\/09\/gls-1024x508.jpg 1024w, https:\/\/www.nasuite.hu\/wp-content\/uploads\/2019\/09\/gls-300x149.jpg 300w, https:\/\/www.nasuite.hu\/wp-content\/uploads\/2019\/09\/gls-768x381.jpg 768w, https:\/\/www.nasuite.hu\/wp-content\/uploads\/2019\/09\/gls-830x412.jpg 830w, https:\/\/www.nasuite.hu\/wp-content\/uploads\/2019\/09\/gls-230x114.jpg 230w, https:\/\/www.nasuite.hu\/wp-content\/uploads\/2019\/09\/gls-350x174.jpg 350w, https:\/\/www.nasuite.hu\/wp-content\/uploads\/2019\/09\/gls-480x238.jpg 480w, https:\/\/www.nasuite.hu\/wp-content\/uploads\/2019\/09\/gls.jpg 1555w\" sizes=\"auto, (max-width: 1024px) 100vw, 1024px\" \/>\t\t\t\t\t\t\t\t\t\t\t\t\t\t\t<\/div>\n\t\t\t\t<\/div>\n\t\t\t\t\t<\/div>\n\t\t<\/div>\n\t\t\t\t<div class=\"elementor-column elementor-col-50 elementor-inner-column elementor-element elementor-element-6c15b02\" data-id=\"6c15b02\" data-element_type=\"column\">\n\t\t\t<div class=\"elementor-widget-wrap elementor-element-populated\">\n\t\t\t\t\t\t\t\t<div class=\"elementor-element elementor-element-12044f6 elementor-widget elementor-widget-heading\" data-id=\"12044f6\" data-element_type=\"widget\" data-widget_type=\"heading.default\">\n\t\t\t\t<div class=\"elementor-widget-container\">\n\t\t\t<h2 class=\"elementor-heading-title elementor-size-default\">Fut\u00e1rszolg\u00e1lat lista<\/h2>\t\t<\/div>\n\t\t\t\t<\/div>\n\t\t\t\t<div class=\"elementor-element elementor-element-d9a317d elementor-widget elementor-widget-text-editor\" data-id=\"d9a317d\" data-element_type=\"widget\" data-widget_type=\"text-editor.default\">\n\t\t\t\t<div class=\"elementor-widget-container\">\n\t\t\t\t\t\t\t<p>Jelenleg a GLS-el van ki\u00e9p\u00edtve a szinkroniz\u00e1ci\u00f3. P\u00e1r perc alatt ki lehet nyomtatni a csomagc\u00edmk\u00e9ket. A csomagsz\u00e1mok meg fognak jelenni az NASuite-ban a minden megrendel\u00e9s oldal\u00e1n.<\/p><ol><li>Le lehet t\u00f6lteni az NASuite-b\u00f3l egy CSV f\u00e1jlt, amelyet a https:\/\/mygls.hu\/ -ra fel lehet t\u00f6lteni.<\/li><li>A beimport\u00e1lt f\u00e1jlb\u00f3l ki lehet nyomtatni a csomagc\u00edmk\u00e9ket.<\/li><li>A GLS csomagsz\u00e1mokat tartalmaz\u00f3 f\u00e1jlt vissza lehet t\u00f6lteni az NASuite-ba<\/li><\/ol>\t\t\t\t\t\t<\/div>\n\t\t\t\t<\/div>\n\t\t\t\t\t<\/div>\n\t\t<\/div>\n\t\t\t\t\t\t\t<\/div>\n\t\t<\/section>\n\t\t\t\t\t<\/div>\n\t\t<\/div>\n\t\t\t\t\t\t\t<\/div>\n\t\t<\/section>\n\t\t\t\t\t\t\t<\/div>\n\t\t","protected":false},"excerpt":{"rendered":"<p>Rakt\u00e1rk\u00e9szlet kezel\u00e9s K\u00e9szletnyilv\u00e1ntart\u00e1s K\u00e9szletmozg\u00e1s: A rendszer r\u00f6gz\u00edti az esem\u00e9nyeket (beszerz\u00e9s, elad\u00e1s, korrekci\u00f3), amelyek k\u00e9szletmozg\u00e1sokat induk\u00e1lnak. Lok\u00e1ci\u00f3 t\u00e1rol\u00e1s: Term\u00e9kenk\u00e9nt r\u00f6gz\u00edteni lehet a lok\u00e1ci\u00f3kat, ahov\u00e1 a bev\u00e9telez\u00e9s folyam\u00e1n fizikailag t\u00e1rolva lett Rendel\u00e9sfoglal\u00e1s: figyeli a rendelt menyis\u00e9geket \u00e9s mutataja a szabad k\u00e9szletet Beszerz\u00e9si \u00e9s elad\u00e1si \u00e1r megad\u00e1sa, napl\u00f3z\u00e1sa Csomagol\u00f3 lista A rakt\u00e1rosok sz\u00e1m\u00e1ra, mobiltelefonra optimaliz\u00e1lt &#8222;szed\u0151&#8221; lista \u00e1ll [&hellip;]<\/p>\n","protected":false},"author":2,"featured_media":0,"parent":0,"menu_order":0,"comment_status":"closed","ping_status":"closed","template":"elementor_header_footer","meta":{"footnotes":""},"class_list":["post-451","page","type-page","status-publish","hentry"],"_links":{"self":[{"href":"https:\/\/www.nasuite.hu\/index.php\/wp-json\/wp\/v2\/pages\/451","targetHints":{"allow":["GET"]}}],"collection":[{"href":"https:\/\/www.nasuite.hu\/index.php\/wp-json\/wp\/v2\/pages"}],"about":[{"href":"https:\/\/www.nasuite.hu\/index.php\/wp-json\/wp\/v2\/types\/page"}],"author":[{"embeddable":true,"href":"https:\/\/www.nasuite.hu\/index.php\/wp-json\/wp\/v2\/users\/2"}],"replies":[{"embeddable":true,"href":"https:\/\/www.nasuite.hu\/index.php\/wp-json\/wp\/v2\/comments?post=451"}],"version-history":[{"count":9,"href":"https:\/\/www.nasuite.hu\/index.php\/wp-json\/wp\/v2\/pages\/451\/revisions"}],"predecessor-version":[{"id":631,"href":"https:\/\/www.nasuite.hu\/index.php\/wp-json\/wp\/v2\/pages\/451\/revisions\/631"}],"wp:attachment":[{"href":"https:\/\/www.nasuite.hu\/index.php\/wp-json\/wp\/v2\/media?parent=451"}],"curies":[{"name":"wp","href":"https:\/\/api.w.org\/{rel}","templated":true}]}}