{"id":426,"date":"2019-09-23T11:21:22","date_gmt":"2019-09-23T09:21:22","guid":{"rendered":"https:\/\/www.nasuite.hu\/?page_id=426"},"modified":"2019-09-24T13:26:39","modified_gmt":"2019-09-24T11:26:39","slug":"webaruhaz-motorok-beallitasa","status":"publish","type":"page","link":"https:\/\/www.nasuite.hu\/index.php\/szolgaltatasaink\/webaruhaz-motorok-beallitasa\/","title":{"rendered":"Web\u00e1ruh\u00e1z motorok be\u00e1ll\u00edt\u00e1sa"},"content":{"rendered":"\t\t<div data-elementor-type=\"wp-page\" data-elementor-id=\"426\" class=\"elementor elementor-426\">\n\t\t\t\t\t\t\t\t\t<section class=\"elementor-section elementor-top-section elementor-element elementor-element-a0ffe8b elementor-section-boxed elementor-section-height-default elementor-section-height-default\" data-id=\"a0ffe8b\" data-element_type=\"section\">\n\t\t\t\t\t\t<div class=\"elementor-container elementor-column-gap-default\">\n\t\t\t\t\t<div class=\"elementor-column elementor-col-100 elementor-top-column elementor-element elementor-element-88bf6ee\" data-id=\"88bf6ee\" data-element_type=\"column\">\n\t\t\t<div class=\"elementor-widget-wrap elementor-element-populated\">\n\t\t\t\t\t\t\t\t<div class=\"elementor-element elementor-element-751eafe elementor-widget elementor-widget-heading\" data-id=\"751eafe\" data-element_type=\"widget\" data-widget_type=\"heading.default\">\n\t\t\t\t<div class=\"elementor-widget-container\">\n\t\t\t<h3 class=\"elementor-heading-title elementor-size-xl\">B\u00e9relhet\u0151 Web\u00e1ruh\u00e1zak be\u00e1ll\u00edt\u00e1sa<\/h3>\t\t<\/div>\n\t\t\t\t<\/div>\n\t\t\t\t<div class=\"elementor-element elementor-element-098d935 elementor-widget elementor-widget-text-editor\" data-id=\"098d935\" data-element_type=\"widget\" data-widget_type=\"text-editor.default\">\n\t\t\t\t<div class=\"elementor-widget-container\">\n\t\t\t\t\t\t\t<p>A Shopify a vil\u00e1gon, a\u00a0 Shoprenter pedig Magyarorsz\u00e1gon az egyik legnagyobb &#8211; b\u00e9relhet\u0151 kontsrukci\u00f3ban m\u0171k\u00f6d\u0151 &#8211; <span lang=\"hu\"><span title=\"\">e-kereskedelmi platform<\/span><\/span> online web\u00e1ruh\u00e1zak sz\u00e1m\u00e1ra. <\/p><p>Tapasztalatunk szerint a web\u00e1ruh\u00e1zak t\u00f6bbs\u00e9ge szinte semmit nem haszn\u00e1l az alapbe\u00e1ll\u00edt\u00e1sokon t\u00fal, mert a tulajdonosaik nem is ismerik \u0151ket.\u00a0 M\u00e1r a web\u00e1ruh\u00e1zak elind\u00edt\u00e1sa is gyakran szak\u00e9rtelmet k\u00edv\u00e1n, ezen fel\u00fcl azonban rengeteg hasznos funkci\u00f3t be lehet \u00e1ll\u00edtani, amelyek a forgalom drasztikus megn\u00f6veked\u00e9s\u00e9t szolg\u00e1lj\u00e1k.<\/p>\t\t\t\t\t\t<\/div>\n\t\t\t\t<\/div>\n\t\t\t\t\t<\/div>\n\t\t<\/div>\n\t\t\t\t\t\t\t<\/div>\n\t\t<\/section>\n\t\t\t\t<section class=\"elementor-section elementor-top-section elementor-element elementor-element-c7aa8f7 elementor-section-stretched elementor-section-boxed elementor-section-height-default elementor-section-height-default\" data-id=\"c7aa8f7\" data-element_type=\"section\" data-settings=\"{&quot;stretch_section&quot;:&quot;section-stretched&quot;,&quot;background_background&quot;:&quot;classic&quot;}\">\n\t\t\t\t\t\t<div class=\"elementor-container elementor-column-gap-default\">\n\t\t\t\t\t<div class=\"elementor-column elementor-col-100 elementor-top-column elementor-element elementor-element-58ba673\" data-id=\"58ba673\" data-element_type=\"column\">\n\t\t\t<div class=\"elementor-widget-wrap elementor-element-populated\">\n\t\t\t\t\t\t\t\t<section class=\"elementor-section elementor-inner-section elementor-element elementor-element-4fe445b elementor-section-boxed elementor-section-height-default elementor-section-height-default\" data-id=\"4fe445b\" data-element_type=\"section\">\n\t\t\t\t\t\t<div class=\"elementor-container elementor-column-gap-default\">\n\t\t\t\t\t<div class=\"elementor-column elementor-col-50 elementor-inner-column elementor-element elementor-element-df7601b\" data-id=\"df7601b\" data-element_type=\"column\">\n\t\t\t<div class=\"elementor-widget-wrap elementor-element-populated\">\n\t\t\t\t\t\t\t\t<div class=\"elementor-element elementor-element-78e2dfa elementor-widget elementor-widget-heading\" data-id=\"78e2dfa\" data-element_type=\"widget\" data-widget_type=\"heading.default\">\n\t\t\t\t<div class=\"elementor-widget-container\">\n\t\t\t<h3 class=\"elementor-heading-title elementor-size-default\">Shopify web\u00e1ruh\u00e1z teljes k\u00f6r\u0171 be\u00e1ll\u00edt\u00e1sa<\/h3>\t\t<\/div>\n\t\t\t\t<\/div>\n\t\t\t\t<div class=\"elementor-element elementor-element-beadc33 elementor-widget elementor-widget-text-editor\" data-id=\"beadc33\" data-element_type=\"widget\" data-widget_type=\"text-editor.default\">\n\t\t\t\t<div class=\"elementor-widget-container\">\n\t\t\t\t\t\t\t<ul><li>\u00c1ltal\u00e1nos be\u00e1ll\u00edt\u00e1sok \u00faj vagy m\u00e1r m\u0171k\u00f6d\u0151 web\u00e1ruh\u00e1z eset\u00e9n<\/li><li>Shopify Sablon testreszab\u00e1sa \u00fcgyf\u00e9lig\u00e9nyek alapj\u00e1n<\/li><li>Shopfy Applik\u00e1ci\u00f3k telep\u00edt\u00e9se \u00e9s behangol\u00e1sa megfelel\u0151 m\u0171k\u00f6d\u00e9s el\u00e9r\u00e9s\u00e9hez<\/li><\/ul>\t\t\t\t\t\t<\/div>\n\t\t\t\t<\/div>\n\t\t\t\t\t<\/div>\n\t\t<\/div>\n\t\t\t\t<div class=\"elementor-column elementor-col-50 elementor-inner-column elementor-element elementor-element-5b34c61\" data-id=\"5b34c61\" data-element_type=\"column\">\n\t\t\t<div class=\"elementor-widget-wrap elementor-element-populated\">\n\t\t\t\t\t\t\t\t<div class=\"elementor-element elementor-element-36f082d elementor-widget elementor-widget-image\" data-id=\"36f082d\" data-element_type=\"widget\" data-widget_type=\"image.default\">\n\t\t\t\t<div class=\"elementor-widget-container\">\n\t\t\t\t\t\t\t\t\t\t\t\t\t\t\t<img loading=\"lazy\" decoding=\"async\" width=\"401\" height=\"126\" src=\"https:\/\/www.nasuite.hu\/wp-content\/uploads\/2019\/09\/shopify-2.png\" class=\"attachment-large size-large wp-image-604\" alt=\"\" srcset=\"https:\/\/www.nasuite.hu\/wp-content\/uploads\/2019\/09\/shopify-2.png 401w, https:\/\/www.nasuite.hu\/wp-content\/uploads\/2019\/09\/shopify-2-300x94.png 300w, https:\/\/www.nasuite.hu\/wp-content\/uploads\/2019\/09\/shopify-2-230x72.png 230w, https:\/\/www.nasuite.hu\/wp-content\/uploads\/2019\/09\/shopify-2-350x110.png 350w\" sizes=\"auto, (max-width: 401px) 100vw, 401px\" \/>\t\t\t\t\t\t\t\t\t\t\t\t\t\t\t<\/div>\n\t\t\t\t<\/div>\n\t\t\t\t\t<\/div>\n\t\t<\/div>\n\t\t\t\t\t\t\t<\/div>\n\t\t<\/section>\n\t\t\t\t\t<\/div>\n\t\t<\/div>\n\t\t\t\t\t\t\t<\/div>\n\t\t<\/section>\n\t\t\t\t<section class=\"elementor-section elementor-top-section elementor-element elementor-element-f1d8164 elementor-section-stretched elementor-section-boxed elementor-section-height-default elementor-section-height-default\" data-id=\"f1d8164\" data-element_type=\"section\" data-settings=\"{&quot;stretch_section&quot;:&quot;section-stretched&quot;}\">\n\t\t\t\t\t\t<div class=\"elementor-container elementor-column-gap-default\">\n\t\t\t\t\t<div class=\"elementor-column elementor-col-100 elementor-top-column elementor-element elementor-element-0ba089c\" data-id=\"0ba089c\" data-element_type=\"column\">\n\t\t\t<div class=\"elementor-widget-wrap elementor-element-populated\">\n\t\t\t\t\t\t\t\t<section class=\"elementor-section elementor-inner-section elementor-element elementor-element-f4319f8 elementor-section-boxed elementor-section-height-default elementor-section-height-default\" data-id=\"f4319f8\" data-element_type=\"section\">\n\t\t\t\t\t\t<div class=\"elementor-container elementor-column-gap-default\">\n\t\t\t\t\t<div class=\"elementor-column elementor-col-50 elementor-inner-column elementor-element elementor-element-89af98d\" data-id=\"89af98d\" data-element_type=\"column\">\n\t\t\t<div class=\"elementor-widget-wrap elementor-element-populated\">\n\t\t\t\t\t\t\t\t<div class=\"elementor-element elementor-element-fce5ecd elementor-widget elementor-widget-image\" data-id=\"fce5ecd\" data-element_type=\"widget\" data-widget_type=\"image.default\">\n\t\t\t\t<div class=\"elementor-widget-container\">\n\t\t\t\t\t\t\t\t\t\t\t\t\t\t\t<img loading=\"lazy\" decoding=\"async\" width=\"318\" height=\"158\" src=\"https:\/\/www.nasuite.hu\/wp-content\/uploads\/2019\/09\/let\u00f6lt\u00e9s.png\" class=\"attachment-large size-large wp-image-435\" alt=\"\" srcset=\"https:\/\/www.nasuite.hu\/wp-content\/uploads\/2019\/09\/let\u00f6lt\u00e9s.png 318w, https:\/\/www.nasuite.hu\/wp-content\/uploads\/2019\/09\/let\u00f6lt\u00e9s-300x149.png 300w, https:\/\/www.nasuite.hu\/wp-content\/uploads\/2019\/09\/let\u00f6lt\u00e9s-230x114.png 230w\" sizes=\"auto, (max-width: 318px) 100vw, 318px\" \/>\t\t\t\t\t\t\t\t\t\t\t\t\t\t\t<\/div>\n\t\t\t\t<\/div>\n\t\t\t\t\t<\/div>\n\t\t<\/div>\n\t\t\t\t<div class=\"elementor-column elementor-col-50 elementor-inner-column elementor-element elementor-element-9aede3c\" data-id=\"9aede3c\" data-element_type=\"column\">\n\t\t\t<div class=\"elementor-widget-wrap elementor-element-populated\">\n\t\t\t\t\t\t\t\t<div class=\"elementor-element elementor-element-0dbbd43 elementor-widget elementor-widget-heading\" data-id=\"0dbbd43\" data-element_type=\"widget\" data-widget_type=\"heading.default\">\n\t\t\t\t<div class=\"elementor-widget-container\">\n\t\t\t<h3 class=\"elementor-heading-title elementor-size-default\">Shoprenter web\u00e1ruh\u00e1z teljes k\u00f6r\u0171 be\u00e1ll\u00edt\u00e1sa<\/h3>\t\t<\/div>\n\t\t\t\t<\/div>\n\t\t\t\t<div class=\"elementor-element elementor-element-fa3cb36 elementor-widget elementor-widget-text-editor\" data-id=\"fa3cb36\" data-element_type=\"widget\" data-widget_type=\"text-editor.default\">\n\t\t\t\t<div class=\"elementor-widget-container\">\n\t\t\t\t\t\t\t<ul><li>\u00c1ltal\u00e1nos be\u00e1ll\u00edt\u00e1sok \u00faj vagy m\u00e1r m\u0171k\u00f6d\u0151 web\u00e1ruh\u00e1z eset\u00e9n<\/li><li>Shoprenter Sablon testreszab\u00e1sa \u00fcgyf\u00e9lig\u00e9nyek alapj\u00e1n<\/li><li>Shoprenter Alkalmaz\u00e1sok telep\u00edt\u00e9se \u00e9s behangol\u00e1sa megfelel\u0151 m\u0171k\u00f6d\u00e9s el\u00e9r\u00e9s\u00e9hez<\/li><\/ul>\t\t\t\t\t\t<\/div>\n\t\t\t\t<\/div>\n\t\t\t\t\t<\/div>\n\t\t<\/div>\n\t\t\t\t\t\t\t<\/div>\n\t\t<\/section>\n\t\t\t\t\t<\/div>\n\t\t<\/div>\n\t\t\t\t\t\t\t<\/div>\n\t\t<\/section>\n\t\t\t\t\t\t\t<\/div>\n\t\t","protected":false},"excerpt":{"rendered":"<p>B\u00e9relhet\u0151 Web\u00e1ruh\u00e1zak be\u00e1ll\u00edt\u00e1sa A Shopify a vil\u00e1gon, a\u00a0 Shoprenter pedig Magyarorsz\u00e1gon az egyik legnagyobb &#8211; b\u00e9relhet\u0151 kontsrukci\u00f3ban m\u0171k\u00f6d\u0151 &#8211; e-kereskedelmi platform online web\u00e1ruh\u00e1zak sz\u00e1m\u00e1ra. Tapasztalatunk szerint a web\u00e1ruh\u00e1zak t\u00f6bbs\u00e9ge szinte semmit nem haszn\u00e1l az alapbe\u00e1ll\u00edt\u00e1sokon t\u00fal, mert a tulajdonosaik nem is ismerik \u0151ket.\u00a0 M\u00e1r a web\u00e1ruh\u00e1zak elind\u00edt\u00e1sa is gyakran szak\u00e9rtelmet k\u00edv\u00e1n, ezen fel\u00fcl azonban rengeteg [&hellip;]<\/p>\n","protected":false},"author":1,"featured_media":0,"parent":458,"menu_order":0,"comment_status":"closed","ping_status":"closed","template":"elementor_header_footer","meta":{"footnotes":""},"class_list":["post-426","page","type-page","status-publish","hentry"],"_links":{"self":[{"href":"https:\/\/www.nasuite.hu\/index.php\/wp-json\/wp\/v2\/pages\/426","targetHints":{"allow":["GET"]}}],"collection":[{"href":"https:\/\/www.nasuite.hu\/index.php\/wp-json\/wp\/v2\/pages"}],"about":[{"href":"https:\/\/www.nasuite.hu\/index.php\/wp-json\/wp\/v2\/types\/page"}],"author":[{"embeddable":true,"href":"https:\/\/www.nasuite.hu\/index.php\/wp-json\/wp\/v2\/users\/1"}],"replies":[{"embeddable":true,"href":"https:\/\/www.nasuite.hu\/index.php\/wp-json\/wp\/v2\/comments?post=426"}],"version-history":[{"count":24,"href":"https:\/\/www.nasuite.hu\/index.php\/wp-json\/wp\/v2\/pages\/426\/revisions"}],"predecessor-version":[{"id":618,"href":"https:\/\/www.nasuite.hu\/index.php\/wp-json\/wp\/v2\/pages\/426\/revisions\/618"}],"up":[{"embeddable":true,"href":"https:\/\/www.nasuite.hu\/index.php\/wp-json\/wp\/v2\/pages\/458"}],"wp:attachment":[{"href":"https:\/\/www.nasuite.hu\/index.php\/wp-json\/wp\/v2\/media?parent=426"}],"curies":[{"name":"wp","href":"https:\/\/api.w.org\/{rel}","templated":true}]}}