{"id":200,"date":"2019-09-18T09:43:05","date_gmt":"2019-09-18T09:43:05","guid":{"rendered":"https:\/\/www.nasuite.hu\/?page_id=200"},"modified":"2021-04-30T16:15:14","modified_gmt":"2021-04-30T14:15:14","slug":"rolunk","status":"publish","type":"page","link":"https:\/\/www.nasuite.hu\/index.php\/rolunk\/","title":{"rendered":"R\u00f3lunk"},"content":{"rendered":"\t\t<div data-elementor-type=\"wp-page\" data-elementor-id=\"200\" class=\"elementor elementor-200\">\n\t\t\t\t\t\t\t\t\t<section class=\"elementor-section elementor-top-section elementor-element elementor-element-836fc18 elementor-section-boxed elementor-section-height-default elementor-section-height-default\" data-id=\"836fc18\" data-element_type=\"section\">\n\t\t\t\t\t\t<div class=\"elementor-container elementor-column-gap-default\">\n\t\t\t\t\t<div class=\"elementor-column elementor-col-100 elementor-top-column elementor-element elementor-element-b30e2dd\" data-id=\"b30e2dd\" data-element_type=\"column\">\n\t\t\t<div class=\"elementor-widget-wrap elementor-element-populated\">\n\t\t\t\t\t\t\t\t<div class=\"elementor-element elementor-element-df05916 elementor-widget elementor-widget-heading\" data-id=\"df05916\" data-element_type=\"widget\" data-widget_type=\"heading.default\">\n\t\t\t\t<div class=\"elementor-widget-container\">\n\t\t\t<h3 class=\"elementor-heading-title elementor-size-xl\">R\u00f3lunk<\/h3>\t\t<\/div>\n\t\t\t\t<\/div>\n\t\t\t\t<div class=\"elementor-element elementor-element-5642acc elementor-widget elementor-widget-text-editor\" data-id=\"5642acc\" data-element_type=\"widget\" data-widget_type=\"text-editor.default\">\n\t\t\t\t<div class=\"elementor-widget-container\">\n\t\t\t\t\t\t\t<p>C\u00e9g\u00fcnk imm\u00e1ron 14 \u00e9v tapasztalattal rendelkezik web\u00e1ruh\u00e1zak \u00e9s az azokat kiszolg\u00e1l\u00f3 rendel\u00e9skezel\u0151 h\u00e1tt\u00e9rrendszerek fejleszt\u00e9s\u00e9ben. 2007-ben ind\u00edtottuk az els\u0151 fenyforras.hu webc\u00edmen fut\u00f3 web\u00e1ruh\u00e1zunkat, amely az\u00f3ta is l\u00e1mpakereskedelemmel foglalkozik.&nbsp; A forgalom az id\u0151 eltelt\u00e9vel egyre nagyobb lett. Ezt m\u00e1r nem lehetett kezelni egyszer\u0171 excel \u00e9s pap\u00edron vezet\u0151s m\u00f3dszerekkel. Ekkor sz\u00fcletett meg az \u00f6tletl, hogy haszn\u00e1ljunk a webshop rendel\u00e9seinek kezel\u00e9s\u00e9hez k\u00fcl\u00f6n szoftvert, amely kiel\u00e9g\u00edti a vele szemben t\u00e1masztott elv\u00e1r\u00e1sainkat.<\/p>\n<p>Ezek a k\u00f6vetkez\u0151ek voltak:<\/p>\n<ul>\n<li>rakt\u00e1rkezel\u00e9s<\/li>\n<li>sz\u00e1ml\u00e1z\u00e1s<\/li>\n<li>megredel\u00e9sek kezel\u00e9se<\/li>\n<li>\u00fcgyf\u00e9lt\u00e1j\u00e9koztat\u00e1s<\/li>\n<li>adatbet\u00f6lt\u00e9s \u00e9s szinkroniz\u00e1ci\u00f3 a webshopokkal<\/li>\n<li>t\u00f6bb, ak\u00e1r k\u00fclf\u00f6ldi webshopokkal is tudjon kommunik\u00e1l\u00e1s, azok k\u00fcl\u00f6n \u00e1razaz\u00e1sa<\/li>\n<li>t\u00f6bb ad\u00f3sz\u00e1mot is tudjon kezelni (k\u00fclf\u00f6ldi webshopok miatt)<\/li>\n<\/ul>\n<div>&nbsp;<\/div>\n<div>Az ig\u00e9nyek term\u00e9szetesen folyamatosan v\u00e1ltoztak, amit a szoftverrel szemben elv\u00e1rtunk. A piacon rengeteg v\u00e1llalatir\u00e1ny\u00edt\u00e1si rendszer volt, sokat ki is pr\u00f3b\u00e1ltunk, de egyik sem felelt meg 100%-osan az ig\u00e9nyeinknek. Ekkor a c\u00e9g vezet\u00e9se arra az elhat\u00e1roz\u00e1sra jutott, hogy saj\u00e1t fejleszt\u00e9s\u0171 v\u00e1llalatir\u00e1ny\u00edt\u00e1si rendszert fog l\u00e9trehozni. C\u00e9gen bel\u00fcl meg tudtuk oldani a fejleszt\u00e9st, mert a c\u00e9g tulajdonosai ehhez sz\u00fcks\u00e9ges szakir\u00e1ny\u00fa v\u00e9gzetts\u00e9ggel rendelkeznek.<\/div>\n<div>A szoftver\u00fcnket az aktu\u00e1lis kereskedelemen felmer\u00fcl\u0151 probl\u00e9m\u00e1k h\u00edvt\u00e1k \u00e9letre \u00e9s ma is ezek ment\u00e9n folyik a h\u00e1t\u00e9rrendszer fejleszt\u00e9se. T\u00f6bb, jelenleg is n\u00e9pszer\u0171 web\u00e1ruh\u00e1z motorhoz tudunk csatlakozni.<\/div>\n<div>Az\u00e9rt aj\u00e1nljuk ezt a te c\u00e9gednek is, mert egy olyan rendszer, ami kifejezetten egy online keresked\u0151 c\u00e9g probl\u00e9m\u00e1it oldja meg. Hatalmas t\u00e1mogat\u00e1st ny\u00fajt a we\u00e1ruh\u00e1z \u00fcgyf\u00e9lszolg\u00e1latosainak, rakt\u00e1rosainak \u00e9s nem utols\u00f3 sorban a vezet\u0151s\u00e9gnek is a korszer\u0171 \u00e9s gazdas\u00e1gos m\u0171k\u00f6d\u00e9shez.<\/div>\t\t\t\t\t\t<\/div>\n\t\t\t\t<\/div>\n\t\t\t\t\t<\/div>\n\t\t<\/div>\n\t\t\t\t\t\t\t<\/div>\n\t\t<\/section>\n\t\t\t\t\t\t\t<\/div>\n\t\t","protected":false},"excerpt":{"rendered":"<p>R\u00f3lunk C\u00e9g\u00fcnk imm\u00e1ron 14 \u00e9v tapasztalattal rendelkezik web\u00e1ruh\u00e1zak \u00e9s az azokat kiszolg\u00e1l\u00f3 rendel\u00e9skezel\u0151 h\u00e1tt\u00e9rrendszerek fejleszt\u00e9s\u00e9ben. 2007-ben ind\u00edtottuk az els\u0151 fenyforras.hu webc\u00edmen fut\u00f3 web\u00e1ruh\u00e1zunkat, amely az\u00f3ta is l\u00e1mpakereskedelemmel foglalkozik.&nbsp; A forgalom az id\u0151 eltelt\u00e9vel egyre nagyobb lett. Ezt m\u00e1r nem lehetett kezelni egyszer\u0171 excel \u00e9s pap\u00edron vezet\u0151s m\u00f3dszerekkel. Ekkor sz\u00fcletett meg az \u00f6tletl, hogy haszn\u00e1ljunk a [&hellip;]<\/p>\n","protected":false},"author":1,"featured_media":0,"parent":0,"menu_order":0,"comment_status":"closed","ping_status":"closed","template":"elementor_header_footer","meta":{"footnotes":""},"class_list":["post-200","page","type-page","status-publish","hentry"],"_links":{"self":[{"href":"https:\/\/www.nasuite.hu\/index.php\/wp-json\/wp\/v2\/pages\/200","targetHints":{"allow":["GET"]}}],"collection":[{"href":"https:\/\/www.nasuite.hu\/index.php\/wp-json\/wp\/v2\/pages"}],"about":[{"href":"https:\/\/www.nasuite.hu\/index.php\/wp-json\/wp\/v2\/types\/page"}],"author":[{"embeddable":true,"href":"https:\/\/www.nasuite.hu\/index.php\/wp-json\/wp\/v2\/users\/1"}],"replies":[{"embeddable":true,"href":"https:\/\/www.nasuite.hu\/index.php\/wp-json\/wp\/v2\/comments?post=200"}],"version-history":[{"count":13,"href":"https:\/\/www.nasuite.hu\/index.php\/wp-json\/wp\/v2\/pages\/200\/revisions"}],"predecessor-version":[{"id":678,"href":"https:\/\/www.nasuite.hu\/index.php\/wp-json\/wp\/v2\/pages\/200\/revisions\/678"}],"wp:attachment":[{"href":"https:\/\/www.nasuite.hu\/index.php\/wp-json\/wp\/v2\/media?parent=200"}],"curies":[{"name":"wp","href":"https:\/\/api.w.org\/{rel}","templated":true}]}}